{"id":3320,"date":"2023-10-29T16:27:35","date_gmt":"2023-10-29T15:27:35","guid":{"rendered":"https:\/\/okgheusden.nl\/?page_id=3320"},"modified":"2026-01-04T18:42:52","modified_gmt":"2026-01-04T17:42:52","slug":"contact","status":"publish","type":"page","link":"https:\/\/okgheusden.nl\/?page_id=3320","title":{"rendered":"Contact"},"content":{"rendered":"\n<p class=\"has-text-align-center has-text-color has-link-color wp-elements-4fc7a6ac6ce48f467b55db55d82ff66f\" style=\"color:#000000\"><strong>Het bestuur van OKG bestaat uit:<\/strong><\/p>\n\n\n\n<div class=\"wp-block-columns is-layout-flex wp-container-core-columns-is-layout-9d6595d7 wp-block-columns-is-layout-flex\">\n<div class=\"wp-block-column is-layout-flow wp-block-column-is-layout-flow\">\n<p class=\"has-text-align-left has-text-color\" style=\"color:#000000\"><strong>Lisette Leenders<\/strong><a href=\"mailto: mailing@okgheusden.nl\"><strong> <\/strong><\/a> <a href=\"mailto: mailing@okgheusden.nl\">voorzitter<\/a><\/p>\n\n\n\n<p><strong>Frans Meulendijks<\/strong> vice-voorzitter &amp; co\u00f6rdinator decor<\/p>\n\n\n\n<p class=\"has-text-align-left has-text-color\" style=\"color:#000000\"><strong>Joris Berkers<\/strong> <a href=\"mailto: secretariaat@okgheusden.nl\">secretariaat <\/a>&amp; co\u00f6rdinator grime, jeugdtoneel<\/p>\n\n\n\n<p class=\"has-text-align-left has-text-color\" style=\"color:#000000\"><strong>Geert Meulendijks<a href=\"mailto: penningmeester@okgheusden.nl\"> <\/a><\/strong><a href=\"http:\/\/mail to: penningmeester@okgheusden.nl\">penningmeester<\/a><\/p>\n\n\n\n<p class=\"has-text-align-left has-text-color\" style=\"color:#000000\"><strong>Rob Nijssen<\/strong> co\u00f6rdinator PR<\/p>\n\n\n\n<p class=\"has-text-color\" style=\"color:#000000\"><strong>Hanneke Hoefnagels<\/strong> co\u00f6rdinator kleding <\/p>\n\n\n\n<p class=\"has-text-align-left has-text-color\" style=\"color:#000000\"><strong>Els Haasen<\/strong> bestuurslid<\/p>\n<\/div>\n<\/div>\n\n\n\n<p><\/p>\n\n\n\n<p><\/p>\n\n\n\n<div style=\"height:115px\" aria-hidden=\"true\" class=\"wp-block-spacer\"><\/div>\n","protected":false},"excerpt":{"rendered":"<p>Het bestuur van OKG bestaat uit: Lisette Leenders voorzitter Frans Meulendijks vice-voorzitter &amp; co\u00f6rdinator decor Joris Berkers secretariaat &amp; co\u00f6rdinator grime, jeugdtoneel Geert Meulendijks penningmeester Rob Nijssen co\u00f6rdinator PR Hanneke Hoefnagels co\u00f6rdinator kleding Els Haasen bestuurslid<\/p>\n","protected":false},"author":6,"featured_media":0,"parent":0,"menu_order":0,"comment_status":"closed","ping_status":"closed","template":"","meta":{"footnotes":""},"class_list":["post-3320","page","type-page","status-publish","hentry"],"_links":{"self":[{"href":"https:\/\/okgheusden.nl\/index.php?rest_route=\/wp\/v2\/pages\/3320","targetHints":{"allow":["GET"]}}],"collection":[{"href":"https:\/\/okgheusden.nl\/index.php?rest_route=\/wp\/v2\/pages"}],"about":[{"href":"https:\/\/okgheusden.nl\/index.php?rest_route=\/wp\/v2\/types\/page"}],"author":[{"embeddable":true,"href":"https:\/\/okgheusden.nl\/index.php?rest_route=\/wp\/v2\/users\/6"}],"replies":[{"embeddable":true,"href":"https:\/\/okgheusden.nl\/index.php?rest_route=%2Fwp%2Fv2%2Fcomments&post=3320"}],"version-history":[{"count":26,"href":"https:\/\/okgheusden.nl\/index.php?rest_route=\/wp\/v2\/pages\/3320\/revisions"}],"predecessor-version":[{"id":3604,"href":"https:\/\/okgheusden.nl\/index.php?rest_route=\/wp\/v2\/pages\/3320\/revisions\/3604"}],"wp:attachment":[{"href":"https:\/\/okgheusden.nl\/index.php?rest_route=%2Fwp%2Fv2%2Fmedia&parent=3320"}],"curies":[{"name":"wp","href":"https:\/\/api.w.org\/{rel}","templated":true}]}}